{"id":2100,"date":"2017-05-09T11:46:42","date_gmt":"2017-05-09T09:46:42","guid":{"rendered":"http:\/\/tenutasangiovannilucca.it\/kontakte\/"},"modified":"2020-02-24T12:39:01","modified_gmt":"2020-02-24T11:39:01","slug":"kontakte","status":"publish","type":"page","link":"https:\/\/tenutasangiovannilucca.it\/de\/kontakte\/","title":{"rendered":"Kontakte"},"content":{"rendered":"<p><div class=\"fusion-fullwidth fullwidth-box fusion-builder-row-1 hundred-percent-fullwidth non-hundred-percent-height-scrolling\" style=\"--awb-border-radius-top-left:0px;--awb-border-radius-top-right:0px;--awb-border-radius-bottom-right:0px;--awb-border-radius-bottom-left:0px;--awb-padding-right:0px;--awb-padding-left:0px;\" ><div class=\"fusion-builder-row fusion-row\"><div class=\"fusion-layout-column fusion_builder_column fusion-builder-column-0 fusion_builder_column_1_1 1_1 fusion-one-full fusion-column-first fusion-column-last\" style=\"--awb-bg-size:cover;\"><div class=\"fusion-column-wrapper fusion-column-has-shadow fusion-flex-column-wrapper-legacy\">\t\t\t\t\t<script type=\"text\/javascript\">\n\t\t\t\t\t\tvar map_fusion_map_69e2f353a3e0d;\n\t\t\t\t\t\tvar markers = [];\n\t\t\t\t\t\tvar counter = 0;\n\t\t\t\t\t\t\t\t\t\t\t\t\t\t\t\t\t\t\t\tvar fusionMapNonce = '3ccecfac04';\n\t\t\t\t\t\t\t\t\t\t\t\tfunction fusion_run_map_fusion_map_69e2f353a3e0d() {\n\t\t\t\t\t\t\tjQuery('#fusion_map_69e2f353a3e0d').fusion_maps({\n\t\t\t\t\t\t\t\taddresses: [{\"address\":\"Via Laucci 402, 55100 Massa Pisana (LU) Italien\",\"infobox_content\":\"\",\"marker\":\"https:\\\/\\\/tenutasangiovannilucca.it\\\/wp-content\\\/plugins\\\/fusion-builder\\\/images\\\/avada_map_marker.png\",\"coordinates\":false,\"cache\":true,\"latitude\":\"43.8038324\",\"longitude\":\"10.488062600000035\"}],\n\t\t\t\t\t\t\t\tanimations: true,\n\t\t\t\t\t\t\t\tinfobox_background_color: '',\n\t\t\t\t\t\t\t\tinfobox_styling: 'default',\n\t\t\t\t\t\t\t\tinfobox_text_color: '',\n\t\t\t\t\t\t\t\tmap_style: 'custom',\n\t\t\t\t\t\t\t\tmap_type: 'roadmap',\n\t\t\t\t\t\t\t\tmarker_icon: 'theme',\n\t\t\t\t\t\t\t\toverlay_color: '#a1988f',\n\t\t\t\t\t\t\t\toverlay_color_hsl: {\"hue\":30,\"sat\":9,\"lum\":60},\n\t\t\t\t\t\t\t\tpan_control: true,\n\t\t\t\t\t\t\t\tshow_address: false,\n\t\t\t\t\t\t\t\tscale_control: true,\n\t\t\t\t\t\t\t\tscrollwheel: false,\n\t\t\t\t\t\t\t\tzoom: 11,\n\t\t\t\t\t\t\t\tzoom_control: true,\n\t\t\t\t\t\t\t});\n\t\t\t\t\t\t}\n\n\t\t\t\t\t\tgoogle.maps.event.addDomListener(window, 'load', fusion_run_map_fusion_map_69e2f353a3e0d);\n\t\t\t\t\t<\/script>\n\t\t\t\t\t<div class=\"shortcode-map fusion-google-map fusion-maps-js-type\" style=\"--awb-height:420px;\" id=\"fusion_map_69e2f353a3e0d\"><\/div><div class=\"fusion-clearfix\"><\/div><\/div><\/div><\/div><\/div><div class=\"fusion-fullwidth fullwidth-box fusion-builder-row-2 nonhundred-percent-fullwidth non-hundred-percent-height-scrolling\" style=\"--awb-background-position:left top;--awb-border-radius-top-left:0px;--awb-border-radius-top-right:0px;--awb-border-radius-bottom-right:0px;--awb-border-radius-bottom-left:0px;--awb-padding-top:50px;--awb-padding-bottom:0px;--awb-border-sizes-top:0px;--awb-border-sizes-bottom:0px;\" ><div class=\"fusion-builder-row fusion-row\"><div class=\"fusion-layout-column fusion_builder_column fusion-builder-column-1 fusion_builder_column_1_1 1_1 fusion-one-full fusion-column-first fusion-column-last\" style=\"--awb-bg-size:cover;\"><div class=\"fusion-column-wrapper fusion-flex-column-wrapper-legacy\"><div class=\"fusion-content-boxes content-boxes columns row fusion-columns-4 fusion-columns-total-4 fusion-content-boxes-1 content-boxes-icon-on-top content-left\" style=\"--awb-margin-bottom:0px;--awb-hover-accent-color:#877462;--awb-circle-hover-accent-color:#877462;\" data-animationOffset=\"top-into-view\"><div style=\"--awb-backgroundcolor:#ffffff;\" class=\"fusion-column content-box-column content-box-column content-box-column-1 col-lg-3 col-md-3 col-sm-3 fusion-content-box-hover content-box-column-first-in-row\"><div class=\"col content-box-wrapper content-wrapper-background link-area-box link-type-text icon-hover-animation-pulsate\" data-link=\"tel:+39 0583 370192\" data-link-target=\"_self\" data-animationOffset=\"top-into-view\"><div class=\"heading heading-with-icon icon-left\"><a class=\"heading-link\" href=\"tel:+39 0583 370192\" target=\"_self\"><div class=\"icon\"><i style=\"border-color:rgba(255,255,255,0);border-width:0px;background-color:#877462;box-sizing:content-box;height:60px;width:60px;line-height:60px;border-radius:50%;font-size:30px;\" aria-hidden=\"true\" class=\"fontawesome-icon fa-phone fas circle-yes\"><\/i><\/div><h2 class=\"content-box-heading fusion-responsive-typography-calculated\" style=\"--h2_typography-font-size:24px;--fontSize:24;line-height:1.69;\">Kontaktieren<\/h2><\/a><\/div><div class=\"fusion-clearfix\"><\/div><div class=\"content-container\">\nKontaktieren Sie uns telefonisch::<br \/>\n+39\u00a00583 370192<\/div><\/div><\/div><div style=\"--awb-backgroundcolor:#ffffff;\" class=\"fusion-column content-box-column content-box-column content-box-column-2 col-lg-3 col-md-3 col-sm-3 fusion-content-box-hover \"><div class=\"col content-box-wrapper content-wrapper-background link-area-box link-type-text icon-hover-animation-pulsate\" data-link=\"https:\/\/www.google.com\/maps\/dir\/\/Tenuta+San+Giovanni+Lucca,+Via+Laucci,+402,+55100+Lucca+LU\" data-link-target=\"_blank\" data-animationOffset=\"top-into-view\"><div class=\"heading heading-with-icon icon-left\"><a class=\"heading-link\" href=\"https:\/\/www.google.com\/maps\/dir\/\/Tenuta+San+Giovanni+Lucca,+Via+Laucci,+402,+55100+Lucca+LU\" target=\"_blank\" rel=\"noopener noreferrer\"><div class=\"icon\"><i style=\"border-color:rgba(255,255,255,0);border-width:0px;background-color:#877462;box-sizing:content-box;height:60px;width:60px;line-height:60px;border-radius:50%;font-size:30px;\" aria-hidden=\"true\" class=\"fontawesome-icon fa-thumbtack fas circle-yes\"><\/i><\/div><h2 class=\"content-box-heading fusion-responsive-typography-calculated\" style=\"--h2_typography-font-size:24px;--fontSize:24;line-height:1.69;\">Wo sind wir<\/h2><\/a><\/div><div class=\"fusion-clearfix\"><\/div><div class=\"content-container\">\n<div class=\"section-info-line\">\u00a0 <span class=\"section-info-text\">Via Laucci, 119, 55100 Massa Pisana, 55100 Massa Pisana LU, Italien<\/span><\/div>\n<\/div><\/div><\/div><div style=\"--awb-backgroundcolor:#ffffff;\" class=\"fusion-column content-box-column content-box-column content-box-column-3 col-lg-3 col-md-3 col-sm-3 fusion-content-box-hover \"><div class=\"col content-box-wrapper content-wrapper-background link-area-box link-type-text icon-hover-animation-pulsate\" data-link=\"mailto:info@tenutasangiovannilucca.it\" data-link-target=\"_self\" data-animationOffset=\"top-into-view\"><div class=\"heading heading-with-icon icon-left\"><a class=\"heading-link\" href=\"mailto:info@tenutasangiovannilucca.it\" target=\"_self\"><div class=\"icon\"><i style=\"border-color:rgba(255,255,255,0);border-width:0px;background-color:#877462;box-sizing:content-box;height:60px;width:60px;line-height:60px;border-radius:50%;font-size:30px;\" aria-hidden=\"true\" class=\"fontawesome-icon fa-envelope-open far circle-yes\"><\/i><\/div><h2 class=\"content-box-heading fusion-responsive-typography-calculated\" style=\"--h2_typography-font-size:24px;--fontSize:24;line-height:1.69;\">Senden Sie uns eine E-Mail an<\/h2><\/a><\/div><div class=\"fusion-clearfix\"><\/div><div class=\"content-container\">\nSenden Sie uns eine E-Mail an:<br \/>\ninfo@tenutasangiovannilucca.it<\/div><\/div><\/div><div style=\"--awb-backgroundcolor:#ffffff;\" class=\"fusion-column content-box-column content-box-column content-box-column-4 col-lg-3 col-md-3 col-sm-3 fusion-content-box-hover content-box-column-last content-box-column-last-in-row\"><div class=\"col content-box-wrapper content-wrapper-background link-area-box link-type-text icon-hover-animation-pulsate\" data-link=\"https:\/\/tenutasangiovannilucca.it\/de\/2018\/10\/31\/aufladung-des-elektroautos\/\" data-link-target=\"_self\" data-animationOffset=\"top-into-view\"><div class=\"heading heading-with-icon icon-left\"><a class=\"heading-link\" href=\"https:\/\/tenutasangiovannilucca.it\/de\/2018\/10\/31\/aufladung-des-elektroautos\/\" target=\"_self\"><div class=\"icon\"><i style=\"border-color:rgba(255,255,255,0);border-width:0px;background-color:#877462;box-sizing:content-box;height:60px;width:60px;line-height:60px;border-radius:50%;font-size:30px;\" aria-hidden=\"true\" class=\"fontawesome-icon fa-plug fas circle-yes\"><\/i><\/div><h2 class=\"content-box-heading fusion-responsive-typography-calculated\" style=\"--h2_typography-font-size:24px;--fontSize:24;line-height:1.69;\">Aufladung des Elektroautos<\/h2><\/a><\/div><div class=\"fusion-clearfix\"><\/div><div class=\"content-container\">\n<p style=\"text-align: center;\">Neue Ladestation f\u00fcr Elektroautos<\/p>\n<\/div><\/div><\/div><div class=\"fusion-clearfix\"><\/div><\/div><div class=\"fusion-sep-clear\"><\/div><div class=\"fusion-separator fusion-full-width-sep\" style=\"margin-left: auto;margin-right: auto;margin-bottom:55px;width:100%;\"><div class=\"fusion-separator-border sep-single sep-solid\" style=\"border-color:#e0dede;border-top-width:1px;\"><\/div><\/div><div class=\"fusion-sep-clear\"><\/div><div class=\"fusion-clearfix\"><\/div><\/div><\/div><div class=\"fusion-layout-column fusion_builder_column fusion-builder-column-2 fusion_builder_column_1_2 1_2 fusion-one-half fusion-column-first\" style=\"--awb-bg-size:cover;width:48%; margin-right: 4%;\"><div class=\"fusion-column-wrapper fusion-flex-column-wrapper-legacy\"><div class=\"fusion-text fusion-text-1\"><h2 style=\"text-align: left;\">Wie erreiche ich das Landgut<\/h2>\n<\/div><div class=\"fusion-text fusion-text-2\"><p><strong>Mit dem Auto<\/strong><\/p>\n<ul>\n<li>Autobahnzubringer (Lucca West): 3,5 Kilometer<\/li>\n<li>N\u00e4chstgelegene Bushaltestelle: 450 Meter<\/li>\n<\/ul>\n<p><strong>Mit dem Zug<\/strong><\/p>\n<ul>\n<li>Lucca Hauptbahnhof: 3,5 Kilometer<\/li>\n<\/ul>\n<p><strong>Mit dem Flugzeug<\/strong><\/p>\n<ul>\n<li>Flughafen Pisa: 15 Kilometer<\/li>\n<li>Flughafen Florenz: 75 Kilometer<\/li>\n<\/ul>\n<p><strong>Geografische Koordinaten<\/strong><\/p>\n<ul>\n<li>Breite 43.805086<\/li>\n<\/ul>\n<p>\u2022 L\u00e4nge 10.485806<\/p>\n<\/div><div class=\"fusion-sep-clear\"><\/div><div class=\"fusion-separator fusion-full-width-sep\" style=\"margin-left: auto;margin-right: auto;margin-top:50px;width:100%;\"><\/div><div class=\"fusion-sep-clear\"><\/div><div class=\"fusion-clearfix\"><\/div><\/div><\/div><div class=\"fusion-layout-column fusion_builder_column fusion-builder-column-3 fusion_builder_column_1_2 1_2 fusion-one-half fusion-column-last\" style=\"--awb-bg-size:cover;width:48%;\"><div class=\"fusion-column-wrapper fusion-flex-column-wrapper-legacy\"><div class=\"fusion-image-element in-legacy-container\"><span class=\" fusion-imageframe imageframe-none imageframe-1 hover-type-none\"><img decoding=\"async\" width=\"582\" height=\"646\" title=\"tenuta-san-giovanni-lucca-contattaci\" src=\"http:\/\/tenutasangiovannilucca.it\/wp-content\/uploads\/2019\/08\/tenuta-san-giovanni-lucca-contattaci.jpg\" alt class=\"img-responsive wp-image-6827\" srcset=\"https:\/\/tenutasangiovannilucca.it\/wp-content\/uploads\/2019\/08\/tenuta-san-giovanni-lucca-contattaci-200x222.jpg 200w, https:\/\/tenutasangiovannilucca.it\/wp-content\/uploads\/2019\/08\/tenuta-san-giovanni-lucca-contattaci-400x444.jpg 400w, https:\/\/tenutasangiovannilucca.it\/wp-content\/uploads\/2019\/08\/tenuta-san-giovanni-lucca-contattaci.jpg 582w\" sizes=\"(max-width: 1105px) 100vw, 582px\" \/><\/span><\/div><div class=\"fusion-text fusion-text-3\"><p style=\"text-align: center; color: white; padding: 5px; position: absolute; bottom: 0px; margin-bottom: 0px; width: 100%; background: #877462;\">Die Familie Baldisserri freut sich, Sie begr\u00fc\u00dfen zu d\u00fcrfen<\/p>\n<\/div><div class=\"fusion-clearfix\"><\/div><\/div><\/div><div class=\"fusion-layout-column fusion_builder_column fusion-builder-column-4 fusion_builder_column_1_1 1_1 fusion-one-full fusion-column-first fusion-column-last\" style=\"--awb-bg-size:cover;\"><div class=\"fusion-column-wrapper fusion-flex-column-wrapper-legacy\"><div class=\"fusion-sep-clear\"><\/div><div class=\"fusion-separator fusion-full-width-sep\" style=\"margin-left: auto;margin-right: auto;margin-top:20px;width:100%;\"><\/div><div class=\"fusion-sep-clear\"><\/div><div class=\"fusion-clearfix\"><\/div><\/div><\/div><\/div><\/div><div class=\"fusion-fullwidth fullwidth-box fusion-builder-row-3 nonhundred-percent-fullwidth non-hundred-percent-height-scrolling\" style=\"--awb-border-radius-top-left:0px;--awb-border-radius-top-right:0px;--awb-border-radius-bottom-right:0px;--awb-border-radius-bottom-left:0px;\" ><div class=\"fusion-builder-row fusion-row\"><div class=\"fusion-layout-column fusion_builder_column fusion-builder-column-5 fusion_builder_column_1_1 1_1 fusion-one-full fusion-column-first fusion-column-last\" style=\"--awb-bg-size:cover;\"><div class=\"fusion-column-wrapper fusion-flex-column-wrapper-legacy\"><div class=\"fusion-menu-anchor\" id=\"prenota\"><\/div><div class=\"fusion-clearfix\"><\/div><\/div><\/div><\/div><\/div><div class=\"fusion-fullwidth fullwidth-box fusion-builder-row-4 nonhundred-percent-fullwidth non-hundred-percent-height-scrolling\" style=\"--awb-background-position:left top;--awb-border-radius-top-left:0px;--awb-border-radius-top-right:0px;--awb-border-radius-bottom-right:0px;--awb-border-radius-bottom-left:0px;--awb-padding-top:100px;--awb-padding-bottom:100px;--awb-background-color:#fbf9ed;--awb-border-sizes-top:0px;--awb-border-sizes-bottom:0px;\" ><div class=\"fusion-builder-row fusion-row\"><div class=\"fusion-layout-column fusion_builder_column fusion-builder-column-6 fusion_builder_column_1_1 1_1 fusion-one-full fusion-column-first fusion-column-last fusion-column-no-min-height\" style=\"--awb-bg-size:cover;--awb-margin-bottom:0px;\"><div class=\"fusion-column-wrapper fusion-flex-column-wrapper-legacy\"><div class=\"fusion-text fusion-text-4\"><p style=\"letter-spacing: 4px; font-size: 13px; text-align: center; margin-bottom: 0px;\">VERF\u00dcGBARKEIT PR\u00dcFEN<\/p>\n<h1 style=\"text-align: center;\">Kontaktieren Sie uns jetzt!<\/h1>\n<\/div><div class=\"fusion-sep-clear\"><\/div><div class=\"fusion-separator\" style=\"margin-left: auto;margin-right: auto;margin-top:0px;margin-bottom:65px;width:100%;max-width:50px;\"><div class=\"fusion-separator-border sep-single sep-solid\" style=\"border-color:#cbaa5c;border-top-width:1px;\"><\/div><\/div><div class=\"fusion-sep-clear\"><\/div><div class=\"fusion-clearfix\"><\/div><\/div><\/div><div class=\"fusion-layout-column fusion_builder_column fusion-builder-column-7 fusion_builder_column_1_1 1_1 fusion-one-full fusion-column-first fusion-column-last fusion-column-no-min-height\" style=\"--awb-padding-bottom:35px;--awb-bg-size:cover;--awb-margin-top:0px;--awb-margin-bottom:0px;\"><div class=\"fusion-column-wrapper fusion-flex-column-wrapper-legacy\"><div role=\"form\" class=\"wpcf7\" id=\"wpcf7-f8661-o1\" lang=\"en-US\" dir=\"ltr\">\n<div class=\"screen-reader-response\"><p role=\"status\" aria-live=\"polite\" aria-atomic=\"true\"><\/p> <ul><\/ul><\/div>\n<form action=\"\/de\/wp-json\/wp\/v2\/pages\/2100#wpcf7-f8661-o1\" method=\"post\" class=\"wpcf7-form init\" novalidate=\"novalidate\" data-status=\"init\">\n<div style=\"display: none;\">\n<input type=\"hidden\" name=\"_wpcf7\" value=\"8661\" \/>\n<input type=\"hidden\" name=\"_wpcf7_version\" value=\"5.5.3\" \/>\n<input type=\"hidden\" name=\"_wpcf7_locale\" value=\"en_US\" \/>\n<input type=\"hidden\" name=\"_wpcf7_unit_tag\" value=\"wpcf7-f8661-o1\" \/>\n<input type=\"hidden\" name=\"_wpcf7_container_post\" value=\"0\" \/>\n<input type=\"hidden\" name=\"_wpcf7_posted_data_hash\" value=\"\" \/>\n<\/div>\n<p><span class=\"wpcf7-form-control-wrap text-872\"><input type=\"text\" name=\"text-872\" value=\"\" size=\"40\" class=\"wpcf7-form-control wpcf7-text wpcf7-validates-as-required\" aria-required=\"true\" aria-invalid=\"false\" placeholder=\"Ihr Vor- und Nachname\" \/><\/span><br \/>\n<span class=\"wpcf7-form-control-wrap email-843\"><input type=\"email\" name=\"email-843\" value=\"\" size=\"40\" class=\"wpcf7-form-control wpcf7-text wpcf7-email wpcf7-validates-as-required wpcf7-validates-as-email\" aria-required=\"true\" aria-invalid=\"false\" placeholder=\"Deine Emailadresse\" \/><\/span><br \/>\n<span class=\"wpcf7-form-control-wrap tel-968\"><input type=\"tel\" name=\"tel-968\" value=\"\" size=\"40\" class=\"wpcf7-form-control wpcf7-text wpcf7-tel wpcf7-validates-as-required wpcf7-validates-as-tel\" aria-required=\"true\" aria-invalid=\"false\" placeholder=\"Deine Telefonnummer\" \/><\/span><br \/>\n<span class=\"wpcf7-form-control-wrap textarea-344\"><textarea name=\"textarea-344\" cols=\"40\" rows=\"10\" class=\"wpcf7-form-control wpcf7-textarea wpcf7-validates-as-required\" aria-required=\"true\" aria-invalid=\"false\" placeholder=\"Details Ihrer Anfrage\"><\/textarea><\/span><\/p>\n<div class=\"text-form-acceptance\"><span class=\"wpcf7-form-control-wrap acceptance-421\"><span class=\"wpcf7-form-control wpcf7-acceptance\"><span class=\"wpcf7-list-item\"><input type=\"checkbox\" name=\"acceptance-421\" value=\"1\" aria-invalid=\"false\" \/><\/span><\/span><\/span> Ich habe die <a href=\"\/privacy-policy\"> Datenschutzrichtlinie <\/a> gelesen und bin mit der Verarbeitung meiner pers\u00f6nlichen Daten einverstanden.<\/div>\n<p><input type=\"submit\" value=\"SENDEN\" class=\"wpcf7-form-control has-spinner wpcf7-submit bottone-invio-form-contatti\" \/><\/p>\n<div class=\"fusion-alert alert custom alert-custom fusion-alert-center wpcf7-response-output fusion-alert-capitalize alert-dismissable\" role=\"alert\"><div class=\"fusion-alert-content-wrapper\"><span class=\"fusion-alert-content\"><\/span><\/div><button type=\"button\" class=\"close toggle-alert\" data-dismiss=\"alert\" aria-label=\"Close\">&times;<\/button><\/div><\/form><\/div><div class=\"fusion-clearfix\"><\/div><\/div><\/div><\/div><\/div><\/p>\n","protected":false},"excerpt":{"rendered":"","protected":false},"author":1,"featured_media":0,"parent":0,"menu_order":0,"comment_status":"open","ping_status":"open","template":"100-width.php","meta":{"footnotes":""},"yoast_head":"<!-- This site is optimized with the Yoast SEO plugin v17.8 - https:\/\/yoast.com\/wordpress\/plugins\/seo\/ -->\n<title>Tenuta San Giovanni | Kontaktieren Sie uns Jetzt um mehr zu erfahren<\/title>\n<meta name=\"description\" content=\"Kontaktieren Sie uns f\u00fcr Informationen \u00fcber den Urlaub und die Unterkunft, um einen unvergesslichen Urlaub zu verbringen!\" \/>\n<meta name=\"robots\" content=\"index, follow, max-snippet:-1, max-image-preview:large, max-video-preview:-1\" \/>\n<link rel=\"canonical\" href=\"https:\/\/tenutasangiovannilucca.it\/de\/kontakte\/\" \/>\n<meta property=\"og:locale\" content=\"de_DE\" \/>\n<meta property=\"og:type\" content=\"article\" \/>\n<meta property=\"og:title\" content=\"Tenuta San Giovanni | Kontaktieren Sie uns Jetzt um mehr zu erfahren\" \/>\n<meta property=\"og:description\" content=\"Kontaktieren Sie uns f\u00fcr Informationen \u00fcber den Urlaub und die Unterkunft, um einen unvergesslichen Urlaub zu verbringen!\" \/>\n<meta property=\"og:url\" content=\"https:\/\/tenutasangiovannilucca.it\/de\/kontakte\/\" \/>\n<meta property=\"og:site_name\" content=\"Tenuta San Giovanni\" \/>\n<meta property=\"article:modified_time\" content=\"2020-02-24T11:39:01+00:00\" \/>\n<meta name=\"twitter:card\" content=\"summary\" \/>\n<meta name=\"twitter:label1\" content=\"Gesch\u00e4tzte Lesezeit\" \/>\n\t<meta name=\"twitter:data1\" content=\"9\u00a0Minuten\" \/>\n<script type=\"application\/ld+json\" class=\"yoast-schema-graph\">{\"@context\":\"https:\/\/schema.org\",\"@graph\":[{\"@type\":\"WebSite\",\"@id\":\"https:\/\/tenutasangiovannilucca.it\/#website\",\"url\":\"https:\/\/tenutasangiovannilucca.it\/\",\"name\":\"Tenuta San Giovanni\",\"description\":\"Appartamenti nella nostra Tenuta di Lucca\",\"potentialAction\":[{\"@type\":\"SearchAction\",\"target\":{\"@type\":\"EntryPoint\",\"urlTemplate\":\"https:\/\/tenutasangiovannilucca.it\/?s={search_term_string}\"},\"query-input\":\"required name=search_term_string\"}],\"inLanguage\":\"de\"},{\"@type\":\"WebPage\",\"@id\":\"https:\/\/tenutasangiovannilucca.it\/de\/kontakte\/#webpage\",\"url\":\"https:\/\/tenutasangiovannilucca.it\/de\/kontakte\/\",\"name\":\"Tenuta San Giovanni | Kontaktieren Sie uns Jetzt um mehr zu erfahren\",\"isPartOf\":{\"@id\":\"https:\/\/tenutasangiovannilucca.it\/#website\"},\"datePublished\":\"2017-05-09T09:46:42+00:00\",\"dateModified\":\"2020-02-24T11:39:01+00:00\",\"description\":\"Kontaktieren Sie uns f\\u00fcr Informationen \\u00fcber den Urlaub und die Unterkunft, um einen unvergesslichen Urlaub zu verbringen!\",\"breadcrumb\":{\"@id\":\"https:\/\/tenutasangiovannilucca.it\/de\/kontakte\/#breadcrumb\"},\"inLanguage\":\"de\",\"potentialAction\":[{\"@type\":\"ReadAction\",\"target\":[\"https:\/\/tenutasangiovannilucca.it\/de\/kontakte\/\"]}]},{\"@type\":\"BreadcrumbList\",\"@id\":\"https:\/\/tenutasangiovannilucca.it\/de\/kontakte\/#breadcrumb\",\"itemListElement\":[{\"@type\":\"ListItem\",\"position\":1,\"name\":\"Home\",\"item\":\"https:\/\/tenutasangiovannilucca.it\/de\/\"},{\"@type\":\"ListItem\",\"position\":2,\"name\":\"Kontakte\"}]}]}<\/script>\n<!-- \/ Yoast SEO plugin. -->","yoast_head_json":{"title":"Tenuta San Giovanni | Kontaktieren Sie uns Jetzt um mehr zu erfahren","description":"Kontaktieren Sie uns f\u00fcr Informationen \u00fcber den Urlaub und die Unterkunft, um einen unvergesslichen Urlaub zu verbringen!","robots":{"index":"index","follow":"follow","max-snippet":"max-snippet:-1","max-image-preview":"max-image-preview:large","max-video-preview":"max-video-preview:-1"},"canonical":"https:\/\/tenutasangiovannilucca.it\/de\/kontakte\/","og_locale":"de_DE","og_type":"article","og_title":"Tenuta San Giovanni | Kontaktieren Sie uns Jetzt um mehr zu erfahren","og_description":"Kontaktieren Sie uns f\u00fcr Informationen \u00fcber den Urlaub und die Unterkunft, um einen unvergesslichen Urlaub zu verbringen!","og_url":"https:\/\/tenutasangiovannilucca.it\/de\/kontakte\/","og_site_name":"Tenuta San Giovanni","article_modified_time":"2020-02-24T11:39:01+00:00","twitter_card":"summary","twitter_misc":{"Gesch\u00e4tzte Lesezeit":"9\u00a0Minuten"},"schema":{"@context":"https:\/\/schema.org","@graph":[{"@type":"WebSite","@id":"https:\/\/tenutasangiovannilucca.it\/#website","url":"https:\/\/tenutasangiovannilucca.it\/","name":"Tenuta San Giovanni","description":"Appartamenti nella nostra Tenuta di Lucca","potentialAction":[{"@type":"SearchAction","target":{"@type":"EntryPoint","urlTemplate":"https:\/\/tenutasangiovannilucca.it\/?s={search_term_string}"},"query-input":"required name=search_term_string"}],"inLanguage":"de"},{"@type":"WebPage","@id":"https:\/\/tenutasangiovannilucca.it\/de\/kontakte\/#webpage","url":"https:\/\/tenutasangiovannilucca.it\/de\/kontakte\/","name":"Tenuta San Giovanni | Kontaktieren Sie uns Jetzt um mehr zu erfahren","isPartOf":{"@id":"https:\/\/tenutasangiovannilucca.it\/#website"},"datePublished":"2017-05-09T09:46:42+00:00","dateModified":"2020-02-24T11:39:01+00:00","description":"Kontaktieren Sie uns f\u00fcr Informationen \u00fcber den Urlaub und die Unterkunft, um einen unvergesslichen Urlaub zu verbringen!","breadcrumb":{"@id":"https:\/\/tenutasangiovannilucca.it\/de\/kontakte\/#breadcrumb"},"inLanguage":"de","potentialAction":[{"@type":"ReadAction","target":["https:\/\/tenutasangiovannilucca.it\/de\/kontakte\/"]}]},{"@type":"BreadcrumbList","@id":"https:\/\/tenutasangiovannilucca.it\/de\/kontakte\/#breadcrumb","itemListElement":[{"@type":"ListItem","position":1,"name":"Home","item":"https:\/\/tenutasangiovannilucca.it\/de\/"},{"@type":"ListItem","position":2,"name":"Kontakte"}]}]}},"_links":{"self":[{"href":"https:\/\/tenutasangiovannilucca.it\/de\/wp-json\/wp\/v2\/pages\/2100"}],"collection":[{"href":"https:\/\/tenutasangiovannilucca.it\/de\/wp-json\/wp\/v2\/pages"}],"about":[{"href":"https:\/\/tenutasangiovannilucca.it\/de\/wp-json\/wp\/v2\/types\/page"}],"author":[{"embeddable":true,"href":"https:\/\/tenutasangiovannilucca.it\/de\/wp-json\/wp\/v2\/users\/1"}],"replies":[{"embeddable":true,"href":"https:\/\/tenutasangiovannilucca.it\/de\/wp-json\/wp\/v2\/comments?post=2100"}],"version-history":[{"count":44,"href":"https:\/\/tenutasangiovannilucca.it\/de\/wp-json\/wp\/v2\/pages\/2100\/revisions"}],"predecessor-version":[{"id":8663,"href":"https:\/\/tenutasangiovannilucca.it\/de\/wp-json\/wp\/v2\/pages\/2100\/revisions\/8663"}],"wp:attachment":[{"href":"https:\/\/tenutasangiovannilucca.it\/de\/wp-json\/wp\/v2\/media?parent=2100"}],"curies":[{"name":"wp","href":"https:\/\/api.w.org\/{rel}","templated":true}]}}