{"id":8722,"date":"2020-02-24T18:53:51","date_gmt":"2020-02-24T17:53:51","guid":{"rendered":"https:\/\/tenutasangiovannilucca.it\/essen-trinkene\/"},"modified":"2020-02-24T19:17:29","modified_gmt":"2020-02-24T18:17:29","slug":"essen-trinkene","status":"publish","type":"page","link":"https:\/\/tenutasangiovannilucca.it\/de\/essen-trinkene\/","title":{"rendered":"Essen &#038; Trinkene"},"content":{"rendered":"<p><div class=\"fusion-fullwidth fullwidth-box fusion-builder-row-1 nonhundred-percent-fullwidth non-hundred-percent-height-scrolling\" style=\"--awb-border-radius-top-left:0px;--awb-border-radius-top-right:0px;--awb-border-radius-bottom-right:0px;--awb-border-radius-bottom-left:0px;--awb-padding-top:100px;--awb-padding-bottom:100px;\" ><div class=\"fusion-builder-row fusion-row\"><div class=\"fusion-layout-column fusion_builder_column fusion-builder-column-0 fusion_builder_column_1_1 1_1 fusion-one-full fusion-column-first fusion-column-last\" style=\"--awb-bg-size:cover;\"><div class=\"fusion-column-wrapper fusion-flex-column-wrapper-legacy\"><div class=\"fusion-blog-shortcode fusion-blog-shortcode-1 fusion-blog-archive fusion-blog-layout-grid-wrapper fusion-blog-no\"><style type=\"text\/css\">.fusion-blog-shortcode-1 .fusion-blog-layout-grid .fusion-post-grid{padding:20px;}.fusion-blog-shortcode-1 .fusion-posts-container{margin-left: -20px !important; margin-right:-20px !important;}<\/style><div class=\"fusion-posts-container fusion-posts-container-no fusion-no-meta-info fusion-blog-rollover fusion-blog-layout-grid fusion-blog-layout-grid-3 isotope fusion-blog-equal-heights\" data-pages=\"0\" data-grid-col-space=\"40\" style=\"margin: -20px -20px 0;min-height:500px;\"><article id=\"blog-1-post-8682\" class=\"fusion-post-grid post-8682 post type-post status-publish format-standard has-post-thumbnail hentry category-experience-de category-food-wine-de\">\n<div class=\"fusion-post-wrapper\" style=\"background-color:rgba(255,255,255,0);border:1px solid #ebeaea;border-bottom-width:3px;\">\n\n\t\t\t<div class=\"fusion-flexslider flexslider fusion-flexslider-loading fusion-post-slideshow\" style=\"border-color:#ebeaea;\">\n\t\t<ul class=\"slides\">\n\t\t\t\n\t\t\t\t\t\t\t\t\t\t\t\t\t\t<li><div  class=\"fusion-image-wrapper\" aria-haspopup=\"true\">\n\t\t\t\t<img decoding=\"async\" width=\"1610\" height=\"600\" src=\"https:\/\/tenutasangiovannilucca.it\/wp-content\/uploads\/2018\/02\/aperitivo-cavallo-tenutasangiovanni-lucca-1.jpg\" class=\"attachment-full size-full wp-post-image\" alt=\"\" srcset=\"https:\/\/tenutasangiovannilucca.it\/wp-content\/uploads\/2018\/02\/aperitivo-cavallo-tenutasangiovanni-lucca-1-200x75.jpg 200w, https:\/\/tenutasangiovannilucca.it\/wp-content\/uploads\/2018\/02\/aperitivo-cavallo-tenutasangiovanni-lucca-1-400x149.jpg 400w, https:\/\/tenutasangiovannilucca.it\/wp-content\/uploads\/2018\/02\/aperitivo-cavallo-tenutasangiovanni-lucca-1-600x224.jpg 600w, https:\/\/tenutasangiovannilucca.it\/wp-content\/uploads\/2018\/02\/aperitivo-cavallo-tenutasangiovanni-lucca-1-800x298.jpg 800w, https:\/\/tenutasangiovannilucca.it\/wp-content\/uploads\/2018\/02\/aperitivo-cavallo-tenutasangiovanni-lucca-1-1200x447.jpg 1200w, https:\/\/tenutasangiovannilucca.it\/wp-content\/uploads\/2018\/02\/aperitivo-cavallo-tenutasangiovanni-lucca-1.jpg 1610w\" sizes=\"(min-width: 2200px) 100vw, (min-width: 1129px) 363px, (min-width: 1037px) 545px, (min-width: 945px) 1037px, \" \/><div class=\"fusion-rollover\">\n\t<div class=\"fusion-rollover-content\">\n\n\t\t\t\t\t\t\t\t\t\t\n\t\t\t\t\t\t\t\t\t\t\t\t\t\t\n\t\t\t\t\t\t\t\t\n\t\t\t\t\t\t\t\t\n\t\t\t\t\t\t\t\t\t\t\t\t\t\t\t\t\t\t<a class=\"fusion-rollover-gallery\" href=\"https:\/\/tenutasangiovannilucca.it\/wp-content\/uploads\/2018\/02\/aperitivo-cavallo-tenutasangiovanni-lucca-1.jpg\" data-id=\"8682\" data-rel=\"iLightbox[gallery]\" data-title=\"aperitivo-cavallo-tenutasangiovanni-lucca\" data-caption=\"\">\n\t\t\t\t\t\tGallery\t\t\t\t\t<\/a>\n\t\t\t\t\t\t\t\t\t\t\t\t\t\t\n\t\t\n\t\t\t\t\t\t\t\t\n\t\t\t\t\t\t\t\t\n\t\t\n\t\t\t\t\t\t<a class=\"fusion-link-wrapper\" href=\"https:\/\/tenutasangiovannilucca.it\/de\/2020\/02\/24\/weinproben\/\" aria-label=\"Weinproben\"><\/a>\n\t<\/div>\n<\/div>\n<\/div>\n<\/li>\n\t\t\t\n\t\t\t\n\t\t\t\t\t\t\t\t\t\t\t\t\t\t\t\t\t\t\t\t\t\t\t\t\t\t\t\t\t\t\t\t\t\t\t\t\t\t\t\t\t\t\t\t\t\t\t\t\t\t\t\t\t\t\t\t\t\t\t\t\t\t\t\t\t\t\t\t<\/ul>\n\t<\/div>\n\t<div class=\"fusion-post-content-wrapper\" style=\"padding:30px 25px 20px 25px;\"><div class=\"fusion-post-content post-content\"><h2 class=\"blog-shortcode-post-title entry-title\"><a href=\"https:\/\/tenutasangiovannilucca.it\/de\/2020\/02\/24\/weinproben\/\">Weinproben<\/a><\/h2><\/div><\/div><div class=\"fusion-clearfix\"><\/div><\/div>\n<\/article>\n<article id=\"blog-1-post-5678\" class=\"fusion-post-grid post-5678 post type-post status-publish format-standard has-post-thumbnail hentry category-experience-de category-food-wine-de\">\n<div class=\"fusion-post-wrapper\" style=\"background-color:rgba(255,255,255,0);border:1px solid #ebeaea;border-bottom-width:3px;\">\n\n\t\t\t<div class=\"fusion-flexslider flexslider fusion-flexslider-loading fusion-post-slideshow\" style=\"border-color:#ebeaea;\">\n\t\t<ul class=\"slides\">\n\t\t\t\n\t\t\t\t\t\t\t\t\t\t\t\t\t\t<li><div  class=\"fusion-image-wrapper\" aria-haspopup=\"true\">\n\t\t\t\t<img decoding=\"async\" width=\"1610\" height=\"600\" src=\"https:\/\/tenutasangiovannilucca.it\/wp-content\/uploads\/2018\/02\/degustazione_taster.jpg\" class=\"attachment-full size-full wp-post-image\" alt=\"\" srcset=\"https:\/\/tenutasangiovannilucca.it\/wp-content\/uploads\/2018\/02\/degustazione_taster-200x75.jpg 200w, https:\/\/tenutasangiovannilucca.it\/wp-content\/uploads\/2018\/02\/degustazione_taster-400x149.jpg 400w, https:\/\/tenutasangiovannilucca.it\/wp-content\/uploads\/2018\/02\/degustazione_taster-600x224.jpg 600w, https:\/\/tenutasangiovannilucca.it\/wp-content\/uploads\/2018\/02\/degustazione_taster-800x298.jpg 800w, https:\/\/tenutasangiovannilucca.it\/wp-content\/uploads\/2018\/02\/degustazione_taster-1200x447.jpg 1200w, https:\/\/tenutasangiovannilucca.it\/wp-content\/uploads\/2018\/02\/degustazione_taster.jpg 1610w\" sizes=\"(min-width: 2200px) 100vw, (min-width: 1129px) 363px, (min-width: 1037px) 545px, (min-width: 945px) 1037px, \" \/><div class=\"fusion-rollover\">\n\t<div class=\"fusion-rollover-content\">\n\n\t\t\t\t\t\t\t\t\t\t\n\t\t\t\t\t\t\t\t\t\t\t\t\t\t\n\t\t\t\t\t\t\t\t\n\t\t\t\t\t\t\t\t\n\t\t\t\t\t\t\t\t\t\t\t\t\t\t\t\t\t\t<a class=\"fusion-rollover-gallery\" href=\"https:\/\/tenutasangiovannilucca.it\/wp-content\/uploads\/2018\/02\/degustazione_taster.jpg\" data-id=\"5678\" data-rel=\"iLightbox[gallery]\" data-title=\"degustazione_taster\" data-caption=\"\">\n\t\t\t\t\t\tGallery\t\t\t\t\t<\/a>\n\t\t\t\t\t\t\t\t\t\t\t\t\t\t\n\t\t\n\t\t\t\t\t\t\t\t\n\t\t\t\t\t\t\t\t\n\t\t\n\t\t\t\t\t\t<a class=\"fusion-link-wrapper\" href=\"https:\/\/tenutasangiovannilucca.it\/de\/2018\/07\/09\/olivenol-verkostung\/\" aria-label=\"Oliven\u00f6l-Verkostung\"><\/a>\n\t<\/div>\n<\/div>\n<\/div>\n<\/li>\n\t\t\t\n\t\t\t\n\t\t\t\t\t\t\t\t\t\t\t\t\t\t\t\t\t\t\t\t\t\t\t\t\t\t\t\t\t\t\t\t\t\t\t\t\t\t\t\t\t\t\t\t\t\t\t\t\t\t\t\t\t\t\t\t\t\t\t\t\t\t\t\t\t\t\t\t<\/ul>\n\t<\/div>\n\t<div class=\"fusion-post-content-wrapper\" style=\"padding:30px 25px 20px 25px;\"><div class=\"fusion-post-content post-content\"><h2 class=\"blog-shortcode-post-title entry-title\"><a href=\"https:\/\/tenutasangiovannilucca.it\/de\/2018\/07\/09\/olivenol-verkostung\/\">Oliven\u00f6l-Verkostung<\/a><\/h2><\/div><\/div><div class=\"fusion-clearfix\"><\/div><\/div>\n<\/article>\n<article id=\"blog-1-post-5642\" class=\"fusion-post-grid post-5642 post type-post status-publish format-standard has-post-thumbnail hentry category-experience-de category-food-wine-de\">\n<div class=\"fusion-post-wrapper\" style=\"background-color:rgba(255,255,255,0);border:1px solid #ebeaea;border-bottom-width:3px;\">\n\n\t\t\t<div class=\"fusion-flexslider flexslider fusion-flexslider-loading fusion-post-slideshow\" style=\"border-color:#ebeaea;\">\n\t\t<ul class=\"slides\">\n\t\t\t\n\t\t\t\t\t\t\t\t\t\t\t\t\t\t<li><div  class=\"fusion-image-wrapper\" aria-haspopup=\"true\">\n\t\t\t\t<img decoding=\"async\" width=\"1275\" height=\"475\" src=\"https:\/\/tenutasangiovannilucca.it\/wp-content\/uploads\/2018\/02\/tenuta-san-giovanni-lucca-lezioni-cucina-000.jpg\" class=\"attachment-full size-full wp-post-image\" alt=\"\" srcset=\"https:\/\/tenutasangiovannilucca.it\/wp-content\/uploads\/2018\/02\/tenuta-san-giovanni-lucca-lezioni-cucina-000-200x75.jpg 200w, https:\/\/tenutasangiovannilucca.it\/wp-content\/uploads\/2018\/02\/tenuta-san-giovanni-lucca-lezioni-cucina-000-400x149.jpg 400w, https:\/\/tenutasangiovannilucca.it\/wp-content\/uploads\/2018\/02\/tenuta-san-giovanni-lucca-lezioni-cucina-000-600x224.jpg 600w, https:\/\/tenutasangiovannilucca.it\/wp-content\/uploads\/2018\/02\/tenuta-san-giovanni-lucca-lezioni-cucina-000-800x298.jpg 800w, https:\/\/tenutasangiovannilucca.it\/wp-content\/uploads\/2018\/02\/tenuta-san-giovanni-lucca-lezioni-cucina-000-1200x447.jpg 1200w, https:\/\/tenutasangiovannilucca.it\/wp-content\/uploads\/2018\/02\/tenuta-san-giovanni-lucca-lezioni-cucina-000.jpg 1275w\" sizes=\"(min-width: 2200px) 100vw, (min-width: 1129px) 363px, (min-width: 1037px) 545px, (min-width: 945px) 1037px, \" \/><div class=\"fusion-rollover\">\n\t<div class=\"fusion-rollover-content\">\n\n\t\t\t\t\t\t\t\t\t\t\n\t\t\t\t\t\t\t\t\t\t\t\t\t\t\n\t\t\t\t\t\t\t\t\n\t\t\t\t\t\t\t\t\n\t\t\t\t\t\t\t\t\t\t\t\t\t\t\t\t\t\t<a class=\"fusion-rollover-gallery\" href=\"https:\/\/tenutasangiovannilucca.it\/wp-content\/uploads\/2018\/02\/tenuta-san-giovanni-lucca-lezioni-cucina-000.jpg\" data-id=\"5642\" data-rel=\"iLightbox[gallery]\" data-title=\"tenuta-san-giovanni-lucca-lezioni-cucina-000\" data-caption=\"\">\n\t\t\t\t\t\tGallery\t\t\t\t\t<\/a>\n\t\t\t\t\t\t\t\t\t\t\t\t\t\t\n\t\t\n\t\t\t\t\t\t\t\t\n\t\t\t\t\t\t\t\t\n\t\t\n\t\t\t\t\t\t<a class=\"fusion-link-wrapper\" href=\"https:\/\/tenutasangiovannilucca.it\/de\/2018\/07\/09\/kochkurs\/\" aria-label=\"Kochunterricht\"><\/a>\n\t<\/div>\n<\/div>\n<\/div>\n<\/li>\n\t\t\t\n\t\t\t\n\t\t\t\t\t\t\t\t\t\t\t\t\t\t\t\t\t\t\t\t\t\t\t\t\t\t\t\t\t\t\t\t\t\t\t\t\t\t\t\t\t\t\t\t\t\t\t\t\t\t\t\t\t\t\t\t\t\t\t\t\t\t\t\t\t\t\t\t<\/ul>\n\t<\/div>\n\t<div class=\"fusion-post-content-wrapper\" style=\"padding:30px 25px 20px 25px;\"><div class=\"fusion-post-content post-content\"><h2 class=\"blog-shortcode-post-title entry-title\"><a href=\"https:\/\/tenutasangiovannilucca.it\/de\/2018\/07\/09\/kochkurs\/\">Kochunterricht<\/a><\/h2><\/div><\/div><div class=\"fusion-clearfix\"><\/div><\/div>\n<\/article>\n<article id=\"blog-1-post-5635\" class=\"fusion-post-grid post-5635 post type-post status-publish format-standard has-post-thumbnail hentry category-experience-de category-food-wine-de\">\n<div class=\"fusion-post-wrapper\" style=\"background-color:rgba(255,255,255,0);border:1px solid #ebeaea;border-bottom-width:3px;\">\n\n\t\t\t<div class=\"fusion-flexslider flexslider fusion-flexslider-loading fusion-post-slideshow\" style=\"border-color:#ebeaea;\">\n\t\t<ul class=\"slides\">\n\t\t\t\n\t\t\t\t\t\t\t\t\t\t\t\t\t\t<li><div  class=\"fusion-image-wrapper\" aria-haspopup=\"true\">\n\t\t\t\t<img decoding=\"async\" width=\"1609\" height=\"600\" src=\"https:\/\/tenutasangiovannilucca.it\/wp-content\/uploads\/2018\/02\/29.jpg\" class=\"attachment-full size-full wp-post-image\" alt=\"\" srcset=\"https:\/\/tenutasangiovannilucca.it\/wp-content\/uploads\/2018\/02\/29-200x75.jpg 200w, https:\/\/tenutasangiovannilucca.it\/wp-content\/uploads\/2018\/02\/29-400x149.jpg 400w, https:\/\/tenutasangiovannilucca.it\/wp-content\/uploads\/2018\/02\/29-600x224.jpg 600w, https:\/\/tenutasangiovannilucca.it\/wp-content\/uploads\/2018\/02\/29-800x298.jpg 800w, https:\/\/tenutasangiovannilucca.it\/wp-content\/uploads\/2018\/02\/29-1200x447.jpg 1200w, https:\/\/tenutasangiovannilucca.it\/wp-content\/uploads\/2018\/02\/29.jpg 1609w\" sizes=\"(min-width: 2200px) 100vw, (min-width: 1129px) 363px, (min-width: 1037px) 545px, (min-width: 945px) 1037px, \" \/><div class=\"fusion-rollover\">\n\t<div class=\"fusion-rollover-content\">\n\n\t\t\t\t\t\t\t\t\t\t\n\t\t\t\t\t\t\t\t\t\t\t\t\t\t\n\t\t\t\t\t\t\t\t\n\t\t\t\t\t\t\t\t\n\t\t\t\t\t\t\t\t\t\t\t\t\t\t\t\t\t\t<a class=\"fusion-rollover-gallery\" href=\"https:\/\/tenutasangiovannilucca.it\/wp-content\/uploads\/2018\/02\/29.jpg\" data-id=\"5635\" data-rel=\"iLightbox[gallery]\" data-title=\"29\" data-caption=\"\">\n\t\t\t\t\t\tGallery\t\t\t\t\t<\/a>\n\t\t\t\t\t\t\t\t\t\t\t\t\t\t\n\t\t\n\t\t\t\t\t\t\t\t\n\t\t\t\t\t\t\t\t\n\t\t\n\t\t\t\t\t\t<a class=\"fusion-link-wrapper\" href=\"https:\/\/tenutasangiovannilucca.it\/de\/2018\/07\/09\/kaffee-verkosting\/\" aria-label=\"Die Welt des Kaffees\"><\/a>\n\t<\/div>\n<\/div>\n<\/div>\n<\/li>\n\t\t\t\n\t\t\t\n\t\t\t\t\t\t\t\t\t\t\t\t\t\t\t\t\t\t\t\t\t\t\t\t\t\t\t\t\t\t\t\t\t\t\t\t\t\t\t\t\t\t\t\t\t\t\t\t\t\t\t\t\t\t\t\t\t\t\t\t\t\t\t\t\t\t\t\t<\/ul>\n\t<\/div>\n\t<div class=\"fusion-post-content-wrapper\" style=\"padding:30px 25px 20px 25px;\"><div class=\"fusion-post-content post-content\"><h2 class=\"blog-shortcode-post-title entry-title\"><a href=\"https:\/\/tenutasangiovannilucca.it\/de\/2018\/07\/09\/kaffee-verkosting\/\">Die Welt des Kaffees<\/a><\/h2><\/div><\/div><div class=\"fusion-clearfix\"><\/div><\/div>\n<\/article>\n<article id=\"blog-1-post-5547\" class=\"fusion-post-grid post-5547 post type-post status-publish format-standard has-post-thumbnail hentry category-experience-de category-food-wine-de\">\n<div class=\"fusion-post-wrapper\" style=\"background-color:rgba(255,255,255,0);border:1px solid #ebeaea;border-bottom-width:3px;\">\n\n\t\t\t<div class=\"fusion-flexslider flexslider fusion-flexslider-loading fusion-post-slideshow\" style=\"border-color:#ebeaea;\">\n\t\t<ul class=\"slides\">\n\t\t\t\n\t\t\t\t\t\t\t\t\t\t\t\t\t\t<li><div  class=\"fusion-image-wrapper\" aria-haspopup=\"true\">\n\t\t\t\t<img decoding=\"async\" width=\"1609\" height=\"600\" src=\"https:\/\/tenutasangiovannilucca.it\/wp-content\/uploads\/2018\/02\/20.jpg\" class=\"attachment-full size-full wp-post-image\" alt=\"\" srcset=\"https:\/\/tenutasangiovannilucca.it\/wp-content\/uploads\/2018\/02\/20-200x75.jpg 200w, https:\/\/tenutasangiovannilucca.it\/wp-content\/uploads\/2018\/02\/20-400x149.jpg 400w, https:\/\/tenutasangiovannilucca.it\/wp-content\/uploads\/2018\/02\/20-600x224.jpg 600w, https:\/\/tenutasangiovannilucca.it\/wp-content\/uploads\/2018\/02\/20-800x298.jpg 800w, https:\/\/tenutasangiovannilucca.it\/wp-content\/uploads\/2018\/02\/20-1200x447.jpg 1200w, https:\/\/tenutasangiovannilucca.it\/wp-content\/uploads\/2018\/02\/20.jpg 1609w\" sizes=\"(min-width: 2200px) 100vw, (min-width: 1129px) 363px, (min-width: 1037px) 545px, (min-width: 945px) 1037px, \" \/><div class=\"fusion-rollover\">\n\t<div class=\"fusion-rollover-content\">\n\n\t\t\t\t\t\t\t\t\t\t\n\t\t\t\t\t\t\t\t\t\t\t\t\t\t\n\t\t\t\t\t\t\t\t\n\t\t\t\t\t\t\t\t\n\t\t\t\t\t\t\t\t\t\t\t\t\t\t\t\t\t\t<a class=\"fusion-rollover-gallery\" href=\"https:\/\/tenutasangiovannilucca.it\/wp-content\/uploads\/2018\/02\/20.jpg\" data-id=\"5547\" data-rel=\"iLightbox[gallery]\" data-title=\"20\" data-caption=\"\">\n\t\t\t\t\t\tGallery\t\t\t\t\t<\/a>\n\t\t\t\t\t\t\t\t\t\t\t\t\t\t\n\t\t\n\t\t\t\t\t\t\t\t\n\t\t\t\t\t\t\t\t\n\t\t\n\t\t\t\t\t\t<a class=\"fusion-link-wrapper\" href=\"https:\/\/tenutasangiovannilucca.it\/de\/2018\/07\/06\/besuch-einer-handwerklichen-kaserei\/\" aria-label=\"Produkte und Produzenten\"><\/a>\n\t<\/div>\n<\/div>\n<\/div>\n<\/li>\n\t\t\t\n\t\t\t\n\t\t\t\t\t\t\t\t\t\t\t\t\t\t\t\t\t\t\t\t\t\t\t\t\t\t\t\t\t\t\t\t\t\t\t\t\t\t\t\t\t\t\t\t\t\t\t\t\t\t\t\t\t\t\t\t\t\t\t\t\t\t\t\t\t\t\t\t<\/ul>\n\t<\/div>\n\t<div class=\"fusion-post-content-wrapper\" style=\"padding:30px 25px 20px 25px;\"><div class=\"fusion-post-content post-content\"><h2 class=\"blog-shortcode-post-title entry-title\"><a href=\"https:\/\/tenutasangiovannilucca.it\/de\/2018\/07\/06\/besuch-einer-handwerklichen-kaserei\/\">Produkte und Produzenten<\/a><\/h2><\/div><\/div><div class=\"fusion-clearfix\"><\/div><\/div>\n<\/article>\n<div class=\"fusion-clearfix\"><\/div><\/div><\/div><div class=\"fusion-clearfix\"><\/div><\/div><\/div><\/div><\/div><div class=\"fusion-fullwidth fullwidth-box fusion-builder-row-2 nonhundred-percent-fullwidth non-hundred-percent-height-scrolling\" style=\"--awb-background-position:left top;--awb-border-radius-top-left:0px;--awb-border-radius-top-right:0px;--awb-border-radius-bottom-right:0px;--awb-border-radius-bottom-left:0px;--awb-padding-top:100px;--awb-padding-bottom:100px;--awb-background-color:#fbf9ed;--awb-border-sizes-top:0px;--awb-border-sizes-bottom:0px;\" ><div class=\"fusion-builder-row fusion-row\"><div class=\"fusion-layout-column fusion_builder_column fusion-builder-column-1 fusion_builder_column_1_1 1_1 fusion-one-full fusion-column-first fusion-column-last fusion-column-no-min-height\" style=\"--awb-bg-size:cover;--awb-margin-bottom:0px;\"><div class=\"fusion-column-wrapper fusion-flex-column-wrapper-legacy\"><div class=\"fusion-text fusion-text-1\"><p style=\"letter-spacing: 4px; font-size: 13px; text-align: center; margin-bottom: 0px;\">Sind Sie an unseren Aktivit\u00e4ten interessiert?<\/p>\n<h1 style=\"text-align: center;\">Buchen Sie jetzt!<\/h1>\n<\/div><div class=\"fusion-sep-clear\"><\/div><div class=\"fusion-separator\" style=\"margin-left: auto;margin-right: auto;margin-top:0px;margin-bottom:65px;width:100%;max-width:50px;\"><div class=\"fusion-separator-border sep-single sep-solid\" style=\"border-color:#cbaa5c;border-top-width:1px;\"><\/div><\/div><div class=\"fusion-sep-clear\"><\/div><div class=\"fusion-clearfix\"><\/div><\/div><\/div><div class=\"fusion-layout-column fusion_builder_column fusion-builder-column-2 fusion_builder_column_1_1 1_1 fusion-one-full fusion-column-first fusion-column-last fusion-column-no-min-height\" style=\"--awb-padding-bottom:35px;--awb-bg-size:cover;--awb-margin-top:0px;--awb-margin-bottom:0px;\"><div class=\"fusion-column-wrapper fusion-flex-column-wrapper-legacy\"><div class=\"fusion-sep-clear\"><\/div><div class=\"fusion-separator fusion-full-width-sep\" style=\"margin-left: auto;margin-right: auto;margin-top:55px;width:100%;\"><\/div><div class=\"fusion-sep-clear\"><\/div><div class=\"fusion-aligncenter\"><a class=\"fusion-button button-flat button-large button-default fusion-button-default button-1 fusion-button-default-span wubook\" style=\"--button-border-radius-top-left:0px;--button-border-radius-top-right:0px;--button-border-radius-bottom-right:0px;--button-border-radius-bottom-left:0px;\" target=\"_self\" href=\"https:\/\/wubook.net\/wbkd\/wbk\/?lcode=1501743151&amp;amp;occupancies=3&amp;amp;\"><span class=\"fusion-button-text fusion-button-text-right\">Buchen<\/span><span class=\"fusion-button-icon-divider button-icon-divider-right\"><i class=\" fa fa-angle-right\" aria-hidden=\"true\"><\/i><\/span><\/a><\/div><div class=\"fusion-clearfix\"><\/div><\/div><\/div><\/div><\/div><\/p>\n","protected":false},"excerpt":{"rendered":"","protected":false},"author":1,"featured_media":0,"parent":0,"menu_order":0,"comment_status":"closed","ping_status":"closed","template":"100-width.php","meta":{"footnotes":""},"yoast_head":"<!-- This site is optimized with the Yoast SEO plugin v17.8 - https:\/\/yoast.com\/wordpress\/plugins\/seo\/ -->\n<title>Tenuta San Giovanni | Servizi ed Experiences in Lucca<\/title>\n<meta name=\"description\" content=\"Buchen Sie jetzt eine Unterkunft und entdecken Sie alle \u00dcberraschungen, die wir f\u00fcr Sie vorbereitet haben. Viele Dienstleistungen f\u00fcr unsere Kunden sind verf\u00fcgbar. Buchen Sie jetzt!\" \/>\n<meta name=\"robots\" content=\"index, follow, max-snippet:-1, max-image-preview:large, max-video-preview:-1\" \/>\n<link rel=\"canonical\" href=\"https:\/\/tenutasangiovannilucca.it\/de\/essen-trinkene\/\" \/>\n<meta property=\"og:locale\" content=\"de_DE\" \/>\n<meta property=\"og:type\" content=\"article\" \/>\n<meta property=\"og:title\" content=\"Tenuta San Giovanni | Servizi ed Experiences in Lucca\" \/>\n<meta property=\"og:description\" content=\"Buchen Sie jetzt eine Unterkunft und entdecken Sie alle \u00dcberraschungen, die wir f\u00fcr Sie vorbereitet haben. Viele Dienstleistungen f\u00fcr unsere Kunden sind verf\u00fcgbar. Buchen Sie jetzt!\" \/>\n<meta property=\"og:url\" content=\"https:\/\/tenutasangiovannilucca.it\/de\/essen-trinkene\/\" \/>\n<meta property=\"og:site_name\" content=\"Tenuta San Giovanni\" \/>\n<meta property=\"article:modified_time\" content=\"2020-02-24T18:17:29+00:00\" \/>\n<meta name=\"twitter:card\" content=\"summary\" \/>\n<meta name=\"twitter:label1\" content=\"Gesch\u00e4tzte Lesezeit\" \/>\n\t<meta name=\"twitter:data1\" content=\"3\u00a0Minuten\" \/>\n<script type=\"application\/ld+json\" class=\"yoast-schema-graph\">{\"@context\":\"https:\/\/schema.org\",\"@graph\":[{\"@type\":\"WebSite\",\"@id\":\"https:\/\/tenutasangiovannilucca.it\/#website\",\"url\":\"https:\/\/tenutasangiovannilucca.it\/\",\"name\":\"Tenuta San Giovanni\",\"description\":\"Appartamenti nella nostra Tenuta di Lucca\",\"potentialAction\":[{\"@type\":\"SearchAction\",\"target\":{\"@type\":\"EntryPoint\",\"urlTemplate\":\"https:\/\/tenutasangiovannilucca.it\/?s={search_term_string}\"},\"query-input\":\"required name=search_term_string\"}],\"inLanguage\":\"de\"},{\"@type\":\"WebPage\",\"@id\":\"https:\/\/tenutasangiovannilucca.it\/de\/essen-trinkene\/#webpage\",\"url\":\"https:\/\/tenutasangiovannilucca.it\/de\/essen-trinkene\/\",\"name\":\"Tenuta San Giovanni | Servizi ed Experiences in Lucca\",\"isPartOf\":{\"@id\":\"https:\/\/tenutasangiovannilucca.it\/#website\"},\"datePublished\":\"2020-02-24T17:53:51+00:00\",\"dateModified\":\"2020-02-24T18:17:29+00:00\",\"description\":\"Buchen Sie jetzt eine Unterkunft und entdecken Sie alle \\u00dcberraschungen, die wir f\\u00fcr Sie vorbereitet haben. Viele Dienstleistungen f\\u00fcr unsere Kunden sind verf\\u00fcgbar. Buchen Sie jetzt!\",\"breadcrumb\":{\"@id\":\"https:\/\/tenutasangiovannilucca.it\/de\/essen-trinkene\/#breadcrumb\"},\"inLanguage\":\"de\",\"potentialAction\":[{\"@type\":\"ReadAction\",\"target\":[\"https:\/\/tenutasangiovannilucca.it\/de\/essen-trinkene\/\"]}]},{\"@type\":\"BreadcrumbList\",\"@id\":\"https:\/\/tenutasangiovannilucca.it\/de\/essen-trinkene\/#breadcrumb\",\"itemListElement\":[{\"@type\":\"ListItem\",\"position\":1,\"name\":\"Home\",\"item\":\"https:\/\/tenutasangiovannilucca.it\/de\/\"},{\"@type\":\"ListItem\",\"position\":2,\"name\":\"Essen &#038; Trinkene\"}]}]}<\/script>\n<!-- \/ Yoast SEO plugin. -->","yoast_head_json":{"title":"Tenuta San Giovanni | Servizi ed Experiences in Lucca","description":"Buchen Sie jetzt eine Unterkunft und entdecken Sie alle \u00dcberraschungen, die wir f\u00fcr Sie vorbereitet haben. Viele Dienstleistungen f\u00fcr unsere Kunden sind verf\u00fcgbar. Buchen Sie jetzt!","robots":{"index":"index","follow":"follow","max-snippet":"max-snippet:-1","max-image-preview":"max-image-preview:large","max-video-preview":"max-video-preview:-1"},"canonical":"https:\/\/tenutasangiovannilucca.it\/de\/essen-trinkene\/","og_locale":"de_DE","og_type":"article","og_title":"Tenuta San Giovanni | Servizi ed Experiences in Lucca","og_description":"Buchen Sie jetzt eine Unterkunft und entdecken Sie alle \u00dcberraschungen, die wir f\u00fcr Sie vorbereitet haben. Viele Dienstleistungen f\u00fcr unsere Kunden sind verf\u00fcgbar. Buchen Sie jetzt!","og_url":"https:\/\/tenutasangiovannilucca.it\/de\/essen-trinkene\/","og_site_name":"Tenuta San Giovanni","article_modified_time":"2020-02-24T18:17:29+00:00","twitter_card":"summary","twitter_misc":{"Gesch\u00e4tzte Lesezeit":"3\u00a0Minuten"},"schema":{"@context":"https:\/\/schema.org","@graph":[{"@type":"WebSite","@id":"https:\/\/tenutasangiovannilucca.it\/#website","url":"https:\/\/tenutasangiovannilucca.it\/","name":"Tenuta San Giovanni","description":"Appartamenti nella nostra Tenuta di Lucca","potentialAction":[{"@type":"SearchAction","target":{"@type":"EntryPoint","urlTemplate":"https:\/\/tenutasangiovannilucca.it\/?s={search_term_string}"},"query-input":"required name=search_term_string"}],"inLanguage":"de"},{"@type":"WebPage","@id":"https:\/\/tenutasangiovannilucca.it\/de\/essen-trinkene\/#webpage","url":"https:\/\/tenutasangiovannilucca.it\/de\/essen-trinkene\/","name":"Tenuta San Giovanni | Servizi ed Experiences in Lucca","isPartOf":{"@id":"https:\/\/tenutasangiovannilucca.it\/#website"},"datePublished":"2020-02-24T17:53:51+00:00","dateModified":"2020-02-24T18:17:29+00:00","description":"Buchen Sie jetzt eine Unterkunft und entdecken Sie alle \u00dcberraschungen, die wir f\u00fcr Sie vorbereitet haben. Viele Dienstleistungen f\u00fcr unsere Kunden sind verf\u00fcgbar. Buchen Sie jetzt!","breadcrumb":{"@id":"https:\/\/tenutasangiovannilucca.it\/de\/essen-trinkene\/#breadcrumb"},"inLanguage":"de","potentialAction":[{"@type":"ReadAction","target":["https:\/\/tenutasangiovannilucca.it\/de\/essen-trinkene\/"]}]},{"@type":"BreadcrumbList","@id":"https:\/\/tenutasangiovannilucca.it\/de\/essen-trinkene\/#breadcrumb","itemListElement":[{"@type":"ListItem","position":1,"name":"Home","item":"https:\/\/tenutasangiovannilucca.it\/de\/"},{"@type":"ListItem","position":2,"name":"Essen &#038; Trinkene"}]}]}},"_links":{"self":[{"href":"https:\/\/tenutasangiovannilucca.it\/de\/wp-json\/wp\/v2\/pages\/8722"}],"collection":[{"href":"https:\/\/tenutasangiovannilucca.it\/de\/wp-json\/wp\/v2\/pages"}],"about":[{"href":"https:\/\/tenutasangiovannilucca.it\/de\/wp-json\/wp\/v2\/types\/page"}],"author":[{"embeddable":true,"href":"https:\/\/tenutasangiovannilucca.it\/de\/wp-json\/wp\/v2\/users\/1"}],"replies":[{"embeddable":true,"href":"https:\/\/tenutasangiovannilucca.it\/de\/wp-json\/wp\/v2\/comments?post=8722"}],"version-history":[{"count":3,"href":"https:\/\/tenutasangiovannilucca.it\/de\/wp-json\/wp\/v2\/pages\/8722\/revisions"}],"predecessor-version":[{"id":8735,"href":"https:\/\/tenutasangiovannilucca.it\/de\/wp-json\/wp\/v2\/pages\/8722\/revisions\/8735"}],"wp:attachment":[{"href":"https:\/\/tenutasangiovannilucca.it\/de\/wp-json\/wp\/v2\/media?parent=8722"}],"curies":[{"name":"wp","href":"https:\/\/api.w.org\/{rel}","templated":true}]}}